{"id":7,"date":"2022-12-15T15:24:16","date_gmt":"2022-12-15T14:24:16","guid":{"rendered":"http:\/\/francyi.cluster030.hosting.ovh.net\/?page_id=7"},"modified":"2022-12-16T17:22:39","modified_gmt":"2022-12-16T16:22:39","slug":"votre-coach-sportif-personnel-sur-marseille","status":"publish","type":"page","link":"https:\/\/francoisemendras-coach.com\/","title":{"rendered":"Qui suis-je?"},"content":{"rendered":"\n<figure class=\"wp-block-image size-full\"><img loading=\"lazy\" decoding=\"async\" width=\"800\" height=\"533\" src=\"https:\/\/francoisemendras-coach.com\/wp-content\/uploads\/2022\/12\/ballon_accoudee.jpg\" alt=\"\" class=\"wp-image-45\" srcset=\"https:\/\/francoisemendras-coach.com\/wp-content\/uploads\/2022\/12\/ballon_accoudee.jpg 800w, https:\/\/francoisemendras-coach.com\/wp-content\/uploads\/2022\/12\/ballon_accoudee-300x200.jpg 300w, https:\/\/francoisemendras-coach.com\/wp-content\/uploads\/2022\/12\/ballon_accoudee-768x512.jpg 768w\" sizes=\"auto, (max-width: 706px) 89vw, (max-width: 767px) 82vw, 740px\" \/><\/figure>\n\n\n\n<p>Dans la cit\u00e9 phoc\u00e9enne,  j\u2019ai le privil\u00e8ge de vous encourager \u00e0 d\u00e9couvrir ou reprendre le sport, \u00e0 la maison comme en ext\u00e9rieur, pour connecter vos ambitions \u00e0 vos r\u00e9sultats dans l\u2019\u00e9coute et le respect de vos attentes.<\/p>\n\n\n\n<p>Mon exp\u00e9rience des sports de plein air, du Pilates, du yoga, de la musculation comme des \u00e9tirements et la relaxation sont autant de techniques pour vous apporter le soutien physique, \u00e9nerg\u00e9tique et mental que vous recherchez.<\/p>\n\n\n\n<p>Associ\u00e9s \u00e0 une reprise en main de votre alimentation et de votre hygi\u00e8ne de vie, mes conseils et votre d\u00e9termination sont les alli\u00e9s de votre succ\u00e8s.<\/p>\n\n\n\n<p>Ma mission<\/p>\n\n\n\n<p>Soutenir et encourager les progr\u00e8s de mes clients et ma mission premi\u00e8re, avec pour \u00e9thique, le respect de leur int\u00e9grit\u00e9 physique et mentale dans la plus grande discr\u00e9tion.<\/p>\n\n\n\n<p>Et bien s\u00fbr, rien ne remplace les conseils et l&rsquo;expertise technique du coach dipl\u00f4m\u00e9e et exp\u00e9riment\u00e9e, je saurai m&rsquo;adapter exactement \u00e0 votre demande.<\/p>\n\n\n\n<p><\/p>\n","protected":false},"excerpt":{"rendered":"<p>Dans la cit\u00e9 phoc\u00e9enne, j\u2019ai le privil\u00e8ge de vous encourager \u00e0 d\u00e9couvrir ou reprendre le sport, \u00e0 la maison comme en ext\u00e9rieur, pour connecter vos ambitions \u00e0 vos r\u00e9sultats dans l\u2019\u00e9coute et le respect de vos attentes. Mon exp\u00e9rience des sports de plein air, du Pilates, du yoga, de la musculation comme des \u00e9tirements et &hellip; <\/p>\n<p class=\"link-more\"><a href=\"https:\/\/francoisemendras-coach.com\/\" class=\"more-link\">Continuer la lecture<span class=\"screen-reader-text\"> de &laquo;&nbsp;Qui suis-je?&nbsp;&raquo;<\/span><\/a><\/p>\n","protected":false},"author":1,"featured_media":0,"parent":0,"menu_order":0,"comment_status":"closed","ping_status":"closed","template":"","meta":{"_vp_format_video_url":"","_vp_image_focal_point":[],"footnotes":""},"class_list":["post-7","page","type-page","status-publish","hentry"],"_links":{"self":[{"href":"https:\/\/francoisemendras-coach.com\/index.php\/wp-json\/wp\/v2\/pages\/7","targetHints":{"allow":["GET"]}}],"collection":[{"href":"https:\/\/francoisemendras-coach.com\/index.php\/wp-json\/wp\/v2\/pages"}],"about":[{"href":"https:\/\/francoisemendras-coach.com\/index.php\/wp-json\/wp\/v2\/types\/page"}],"author":[{"embeddable":true,"href":"https:\/\/francoisemendras-coach.com\/index.php\/wp-json\/wp\/v2\/users\/1"}],"replies":[{"embeddable":true,"href":"https:\/\/francoisemendras-coach.com\/index.php\/wp-json\/wp\/v2\/comments?post=7"}],"version-history":[{"count":12,"href":"https:\/\/francoisemendras-coach.com\/index.php\/wp-json\/wp\/v2\/pages\/7\/revisions"}],"predecessor-version":[{"id":126,"href":"https:\/\/francoisemendras-coach.com\/index.php\/wp-json\/wp\/v2\/pages\/7\/revisions\/126"}],"wp:attachment":[{"href":"https:\/\/francoisemendras-coach.com\/index.php\/wp-json\/wp\/v2\/media?parent=7"}],"curies":[{"name":"wp","href":"https:\/\/api.w.org\/{rel}","templated":true}]}}