{"id":65,"date":"2022-12-15T23:09:45","date_gmt":"2022-12-15T22:09:45","guid":{"rendered":"https:\/\/francoisemendras-coach.com\/?page_id=65"},"modified":"2022-12-16T17:32:42","modified_gmt":"2022-12-16T16:32:42","slug":"tarifs-prestations","status":"publish","type":"page","link":"https:\/\/francoisemendras-coach.com\/index.php\/tarifs-prestations\/","title":{"rendered":"Tarifs &#038; Prestations"},"content":{"rendered":"\n<ul class=\"wp-block-list\">\n<li>TOUS LES PACKS = 10 s\u00e9ances = 500 \u20ac<\/li>\n<\/ul>\n\n\n\n<ul class=\"wp-block-list\">\n<li>Renforcement musculaire&nbsp;:<\/li>\n<\/ul>\n\n\n\n<p>Cibl\u00e9 sur une partie du corps ou en totalit\u00e9, un bon d\u00e9but pour reprendre ou d\u00e9couvrir les fondamentaux de la musculation avec poids, \u00e9lastiques \u2026<\/p>\n\n\n\n<ul class=\"wp-block-list\">\n<li>Am\u00e9lioration des performances&nbsp;:<\/li>\n<\/ul>\n\n\n\n<p>Dans une recherche de puissance, de vitesse, d\u2019efficacit\u00e9, d\u2019efficience, et d\u2019am\u00e9lioration de vos scores dans de nombreux sports.<\/p>\n\n\n\n<ul class=\"wp-block-list\">\n<li>Gestion du stress&nbsp;:<\/li>\n<\/ul>\n\n\n\n<p>Chef d\u2019entreprise, cadre, personnel soignant, \u00e9tudiant surmen\u00e9 par des charges de travail lourdes et des responsabilit\u00e9s importantes, retrouvez de l\u2019espace et du temps pour souffler.<\/p>\n\n\n\n<ul class=\"wp-block-list\">\n<li>Pr\u00e9 \/ post natal&nbsp;:<\/li>\n<\/ul>\n\n\n\n<p>L\u2019arriv\u00e9e de b\u00e9b\u00e9 est merveilleuse et aussi source de petits d\u00e9sagr\u00e9ments qui modifient le corps des femmes et leur p\u00e9rin\u00e9e. Une intervention de tonification peut s\u2019av\u00e9rer b\u00e9n\u00e9fique.<\/p>\n\n\n\n<ul class=\"wp-block-list\">\n<li>Hygi\u00e8ne de vie \/ sant\u00e9 \/ nutrition&nbsp;:<\/li>\n<\/ul>\n\n\n\n<p>Pour retrouver tonus et \u00e9nergie, sommeil et s\u00e9r\u00e9nit\u00e9 avec la silhouette qui refl\u00e8te ce que vous \u00eates r\u00e9ellement.<\/p>\n\n\n\n<ul class=\"wp-block-list\">\n<li>Retour \u00e0 la mobilit\u00e9&nbsp;:<\/li>\n<\/ul>\n\n\n\n<p>Avec une tendinite r\u00e9calcitrante, apr\u00e8s une blessure ou un accident de la vie, une maladie ou un burn-out, une douce et progressive r\u00e9habilitation de ses potentiels.<\/p>\n\n\n\n<ul class=\"wp-block-list\">\n<li>S\u00e9nior&nbsp;:<\/li>\n<\/ul>\n\n\n\n<p>Rythme et intensit\u00e9 adapt\u00e9s \u00e0 nos anciens dans la bonne humeur et la joie.<\/p>\n","protected":false},"excerpt":{"rendered":"<p>Cibl\u00e9 sur une partie du corps ou en totalit\u00e9, un bon d\u00e9but pour reprendre ou d\u00e9couvrir les fondamentaux de la musculation avec poids, \u00e9lastiques \u2026 Dans une recherche de puissance, de vitesse, d\u2019efficacit\u00e9, d\u2019efficience, et d\u2019am\u00e9lioration de vos scores dans de nombreux sports. Chef d\u2019entreprise, cadre, personnel soignant, \u00e9tudiant surmen\u00e9 par des charges de travail &hellip; <\/p>\n<p class=\"link-more\"><a href=\"https:\/\/francoisemendras-coach.com\/index.php\/tarifs-prestations\/\" class=\"more-link\">Continuer la lecture<span class=\"screen-reader-text\"> de &laquo;&nbsp;Tarifs &#038; Prestations&nbsp;&raquo;<\/span><\/a><\/p>\n","protected":false},"author":3,"featured_media":0,"parent":0,"menu_order":0,"comment_status":"closed","ping_status":"closed","template":"","meta":{"_vp_format_video_url":"","_vp_image_focal_point":[],"footnotes":""},"class_list":["post-65","page","type-page","status-publish","hentry"],"_links":{"self":[{"href":"https:\/\/francoisemendras-coach.com\/index.php\/wp-json\/wp\/v2\/pages\/65","targetHints":{"allow":["GET"]}}],"collection":[{"href":"https:\/\/francoisemendras-coach.com\/index.php\/wp-json\/wp\/v2\/pages"}],"about":[{"href":"https:\/\/francoisemendras-coach.com\/index.php\/wp-json\/wp\/v2\/types\/page"}],"author":[{"embeddable":true,"href":"https:\/\/francoisemendras-coach.com\/index.php\/wp-json\/wp\/v2\/users\/3"}],"replies":[{"embeddable":true,"href":"https:\/\/francoisemendras-coach.com\/index.php\/wp-json\/wp\/v2\/comments?post=65"}],"version-history":[{"count":3,"href":"https:\/\/francoisemendras-coach.com\/index.php\/wp-json\/wp\/v2\/pages\/65\/revisions"}],"predecessor-version":[{"id":129,"href":"https:\/\/francoisemendras-coach.com\/index.php\/wp-json\/wp\/v2\/pages\/65\/revisions\/129"}],"wp:attachment":[{"href":"https:\/\/francoisemendras-coach.com\/index.php\/wp-json\/wp\/v2\/media?parent=65"}],"curies":[{"name":"wp","href":"https:\/\/api.w.org\/{rel}","templated":true}]}}